{"id":3345,"date":"2025-06-19T16:48:54","date_gmt":"2025-06-19T16:48:54","guid":{"rendered":"https:\/\/montacargasmhi.com\/?page_id=3345"},"modified":"2025-06-19T16:51:27","modified_gmt":"2025-06-19T16:51:27","slug":"politica-y-aviso-de-privacidad","status":"publish","type":"page","link":"https:\/\/montacargasmhi.com\/index.php\/politica-y-aviso-de-privacidad\/","title":{"rendered":"Pol\u00edtica y Aviso de Privacidad"},"content":{"rendered":"\t\t<div data-elementor-type=\"wp-page\" data-elementor-id=\"3345\" class=\"elementor elementor-3345\">\n\t\t\t\t<div class=\"elementor-element elementor-element-13c39a9 e-flex e-con-boxed e-con e-parent\" data-id=\"13c39a9\" data-element_type=\"container\">\n\t\t\t\t\t<div class=\"e-con-inner\">\n\t\t\t\t<div class=\"elementor-element elementor-element-32ff5e9 elementor-widget elementor-widget-text-editor\" data-id=\"32ff5e9\" data-element_type=\"widget\" data-widget_type=\"text-editor.default\">\n\t\t\t\t<div class=\"elementor-widget-container\">\n\t\t\t\t\t\t\t\t\t<h3 data-start=\"232\" data-end=\"258\">\ud83d\udd12 Aviso de Privacidad<\/h3><p data-start=\"260\" data-end=\"722\"><strong data-start=\"260\" data-end=\"279\">Montacargas MHI<\/strong>, es responsable del tratamiento de los datos personales que nos proporciona. Los datos que recopilamos (nombre, correo electr\u00f3nico, n\u00famero de tel\u00e9fono, empresa, y cualquier otro proporcionado voluntariamente) ser\u00e1n utilizados exclusivamente para fines de contacto, atenci\u00f3n personalizada, env\u00edo de cotizaciones, promociones y seguimiento comercial relacionado con nuestros productos y servicios.<\/p><p data-start=\"724\" data-end=\"1060\">Sus datos no ser\u00e1n compartidos con terceros sin su consentimiento, salvo por obligaciones legales. Usted tiene en todo momento el derecho de acceder, rectificar, cancelar u oponerse al tratamiento de sus datos personales, conforme a lo establecido en la <strong data-start=\"978\" data-end=\"1059\">Ley Federal de Protecci\u00f3n de Datos Personales en Posesi\u00f3n de los Particulares<\/strong>.<\/p><p data-start=\"1062\" data-end=\"1229\">Para ejercer sus derechos o conocer m\u00e1s sobre nuestra pol\u00edtica de privacidad, puede contactarnos en:<br data-start=\"1162\" data-end=\"1165\" \/>\ud83d\udce7 <strong data-start=\"1168\" data-end=\"1197\"><a class=\"cursor-pointer\" rel=\"noopener\">contacto@montacargasmhi.com<\/a><\/strong><\/p><p data-start=\"1231\" data-end=\"1306\">Al enviar sus datos, usted acepta los t\u00e9rminos de este aviso de privacidad.<\/p>\t\t\t\t\t\t\t\t<\/div>\n\t\t\t\t<\/div>\n\t\t\t\t\t<\/div>\n\t\t\t\t<\/div>\n\t\t\t\t<\/div>\n\t\t","protected":false},"excerpt":{"rendered":"<p>\ud83d\udd12 Aviso de Privacidad Montacargas MHI, es responsable del tratamiento de los datos personales que nos proporciona. Los datos que recopilamos (nombre, correo electr\u00f3nico, n\u00famero de tel\u00e9fono, empresa, y cualquier otro proporcionado voluntariamente) ser\u00e1n utilizados exclusivamente para fines de contacto, atenci\u00f3n personalizada, env\u00edo de cotizaciones, promociones y seguimiento comercial relacionado con nuestros productos y servicios. [&hellip;]<\/p>\n","protected":false},"author":1,"featured_media":0,"parent":0,"menu_order":0,"comment_status":"closed","ping_status":"closed","template":"","meta":{"footnotes":""},"class_list":["post-3345","page","type-page","status-publish","hentry"],"_links":{"self":[{"href":"https:\/\/montacargasmhi.com\/index.php\/wp-json\/wp\/v2\/pages\/3345","targetHints":{"allow":["GET"]}}],"collection":[{"href":"https:\/\/montacargasmhi.com\/index.php\/wp-json\/wp\/v2\/pages"}],"about":[{"href":"https:\/\/montacargasmhi.com\/index.php\/wp-json\/wp\/v2\/types\/page"}],"author":[{"embeddable":true,"href":"https:\/\/montacargasmhi.com\/index.php\/wp-json\/wp\/v2\/users\/1"}],"replies":[{"embeddable":true,"href":"https:\/\/montacargasmhi.com\/index.php\/wp-json\/wp\/v2\/comments?post=3345"}],"version-history":[{"count":4,"href":"https:\/\/montacargasmhi.com\/index.php\/wp-json\/wp\/v2\/pages\/3345\/revisions"}],"predecessor-version":[{"id":3351,"href":"https:\/\/montacargasmhi.com\/index.php\/wp-json\/wp\/v2\/pages\/3345\/revisions\/3351"}],"wp:attachment":[{"href":"https:\/\/montacargasmhi.com\/index.php\/wp-json\/wp\/v2\/media?parent=3345"}],"curies":[{"name":"wp","href":"https:\/\/api.w.org\/{rel}","templated":true}]}}